{"id":75,"date":"2022-10-18T13:10:08","date_gmt":"2022-10-18T17:10:08","guid":{"rendered":"https:\/\/portesltr.com\/?page_id=75"},"modified":"2024-12-12T14:11:38","modified_gmt":"2024-12-12T19:11:38","slug":"vente","status":"publish","type":"page","link":"https:\/\/portesltr.com\/fr\/nos-services\/vente\/","title":{"rendered":"Vente"},"content":{"rendered":"<section class=\"topmodel-container\">\n<div class=\"container\">\n<div class=\"row\">\n<div class=\"col-lg-12\">\n<div class=\"lc-block\">\n<div editable=\"rich\">\n<h1> Achat de portes de garage en Outaouais <\/h1>\n<\/p><\/div>\n<\/p><\/div>\n<p><!-- \/lc-block -->\n\t\t\t<\/div>\n<p><!-- \/col -->\n\t\t<\/div>\n<\/p><\/div>\n<\/section>\n<section class=\"maincontent-container\">\n<div class=\"container\">\n<div class=\"row\">\n<div class=\"col-lg-5\">\n<div class=\"lc-block\">\n\t\t\t\t\t<picture><source srcset=\"https:\/\/portesltr.com\/wp-content\/uploads\/2022\/10\/maintext-img.webp\" type=\"image\/webp\"><picture><source srcset=\"https:\/\/portesltr.com\/wp-content\/uploads\/2022\/10\/maintext-img.webp\" type=\"image\/webp\"><img loading=\"lazy\" decoding=\"async\" class=\"img-fluid wp-image-41\" src=\"https:\/\/portesltr.com\/wp-content\/uploads\/2022\/10\/maintext-img.jpg\" width=\"743\" height=\"597\" srcset=\"https:\/\/portesltr.com\/wp-content\/uploads\/2022\/10\/maintext-img.jpg 743w, https:\/\/portesltr.com\/wp-content\/uploads\/2022\/10\/maintext-img-300x241.jpg 300w, https:\/\/portesltr.com\/wp-content\/uploads\/2022\/10\/maintext-img-373x300.jpg 373w\" sizes=\"auto, (max-width: 743px) 100vw, 743px\" alt=\"\"><\/picture><\/picture>\n\t\t\t\t<\/div>\n<p><!-- \/lc-block -->\n\t\t\t<\/div>\n<p><!-- \/col --><\/p>\n<div class=\"col-lg-7\">\n<div class=\"lc-block\">\n<div editable=\"rich\">\n<h2>D\u00e9couvrez nos services de vente de portes de garage en Outaouais<\/h2>\n<p>Chez Portes LTR, nous avons le meilleur service de vente en Outaouais. Vous \u00eates pr\u00e9sentement en processus de construction de votre nouvelle maison? Vous d\u00e9sirez avoir une porte de garage qui r\u00e9pond \u00e0 tous vos besoins? <\/p>\n<\/p>\n<p>Vous \u00eates \u00e0 la recherche d\u2019une porte sp\u00e9cifique pour votre commerce ou votre propri\u00e9t\u00e9? Peu importe la raison, chez Portes LTR, nous avons la plus grande s\u00e9lection de porte de garage et de portes de tout genre en Outaouais! <\/p>\n<\/p>\n<p>Les Portes LTR vous propose :<\/p>\n<\/p>\n<ul>\n<li>des portes de garage de tous genres (pour les secteurs r\u00e9sidentiel, commercial et industriel) <\/li>\n<li>des portes automatiques <\/li>\n<li>des portes automatiques battantes et coulissantes pour personnes \u00e0 mobilit\u00e9 r\u00e9duite (accessoires) <\/li>\n<li>des portes et cadres en acier \u00e0 l\u2019\u00e9preuve du feu <\/li>\n<li>des portes roulantes en acier et en caoutchouc <\/li>\n<li>des rideaux d\u2019acier et de caoutchouc <\/li>\n<li>des ouvre-portes \u00e9lectriques <\/li>\n<li>des ouvre-barri\u00e8res <\/li>\n<li>des coussins et des quais de chargement et leurs accessoires <\/li>\n<li>de la quincaillerie architecturale<\/li>\n<li>et beaucoup plus!<\/li>\n<\/ul>\n<p>Consultez nos mod\u00e8les de portes d\u00e8s maintenant pour vous aider \u00e0 visualiser votre garage de r\u00eave. <\/p>\n<\/p><\/div>\n<\/p><\/div>\n<p><!-- \/lc-block --><\/p>\n<div class=\"lc-block\">\n<div lc-helper=\"shortcode\" class=\"live-shortcode\"><a class=\"full-green contact btn\" href=\"https:\/\/portesltr.com\/fr\/contact\/\" aria-label=\"En savoir plus\">En savoir plus<\/a><\/div>\n<\/p><\/div>\n<p><!-- \/lc-block -->\n\t\t\t<\/div>\n<p><!-- \/col -->\n\t\t<\/div>\n<\/p><\/div>\n<\/section>\n","protected":false},"excerpt":{"rendered":"<p>Achat de portes de garage en Outaouais D\u00e9couvrez nos services de vente de portes de garage en Outaouais Chez Portes LTR, nous avons le meilleur service de vente en Outaouais. Vous \u00eates pr\u00e9sentement en processus de construction de votre nouvelle maison? Vous d\u00e9sirez avoir une porte de garage qui r\u00e9pond \u00e0 tous vos besoins? Vous [&hellip;]<\/p>\n","protected":false},"author":1,"featured_media":0,"parent":11,"menu_order":0,"comment_status":"closed","ping_status":"closed","template":"","meta":{"_acf_changed":false,"footnotes":""},"class_list":["post-75","page","type-page","status-publish","hentry"],"acf":[],"_links":{"self":[{"href":"https:\/\/portesltr.com\/fr\/wp-json\/wp\/v2\/pages\/75","targetHints":{"allow":["GET"]}}],"collection":[{"href":"https:\/\/portesltr.com\/fr\/wp-json\/wp\/v2\/pages"}],"about":[{"href":"https:\/\/portesltr.com\/fr\/wp-json\/wp\/v2\/types\/page"}],"author":[{"embeddable":true,"href":"https:\/\/portesltr.com\/fr\/wp-json\/wp\/v2\/users\/1"}],"replies":[{"embeddable":true,"href":"https:\/\/portesltr.com\/fr\/wp-json\/wp\/v2\/comments?post=75"}],"version-history":[{"count":11,"href":"https:\/\/portesltr.com\/fr\/wp-json\/wp\/v2\/pages\/75\/revisions"}],"predecessor-version":[{"id":525,"href":"https:\/\/portesltr.com\/fr\/wp-json\/wp\/v2\/pages\/75\/revisions\/525"}],"up":[{"embeddable":true,"href":"https:\/\/portesltr.com\/fr\/wp-json\/wp\/v2\/pages\/11"}],"wp:attachment":[{"href":"https:\/\/portesltr.com\/fr\/wp-json\/wp\/v2\/media?parent=75"}],"curies":[{"name":"wp","href":"https:\/\/api.w.org\/{rel}","templated":true}]}}