{"id":73,"date":"2022-10-18T13:09:30","date_gmt":"2022-10-18T17:09:30","guid":{"rendered":"https:\/\/portesltr.com\/?page_id=73"},"modified":"2024-12-12T14:11:15","modified_gmt":"2024-12-12T19:11:15","slug":"reparation","status":"publish","type":"page","link":"https:\/\/portesltr.com\/fr\/nos-services\/reparation\/","title":{"rendered":"R\u00e9paration"},"content":{"rendered":"<section class=\"topmodel-container\">\n<div class=\"container\">\n<div class=\"row\">\n<div class=\"col-lg-12\">\n<div class=\"lc-block\">\n<div editable=\"rich\">\n<h1> R\u00e9paration de portes de garage en Outaouais : l&rsquo;expertise de Portes LTR <\/h1>\n<\/p><\/div>\n<\/p><\/div>\n<p><!-- \/lc-block -->\n\t\t\t<\/div>\n<p><!-- \/col -->\n\t\t<\/div>\n<\/p><\/div>\n<\/section>\n<section class=\"maincontent-container\">\n<div class=\"container\">\n<div class=\"row\">\n<div class=\"col-lg-5\">\n<div class=\"lc-block\">\n\t\t\t\t\t<picture><source srcset=\"https:\/\/portesltr.com\/wp-content\/uploads\/2022\/10\/maintext-img.webp\" type=\"image\/webp\"><picture><source srcset=\"https:\/\/portesltr.com\/wp-content\/uploads\/2022\/10\/maintext-img.webp\" type=\"image\/webp\"><picture><source srcset=\"https:\/\/portesltr.com\/wp-content\/uploads\/2022\/10\/maintext-img.webp\" type=\"image\/webp\"><img loading=\"lazy\" decoding=\"async\" class=\"img-fluid wp-image-41\" src=\"https:\/\/portesltr.com\/wp-content\/uploads\/2022\/10\/maintext-img.jpg\" width=\"743\" height=\"597\" srcset=\"https:\/\/portesltr.com\/wp-content\/uploads\/2022\/10\/maintext-img.jpg 743w, https:\/\/portesltr.com\/wp-content\/uploads\/2022\/10\/maintext-img-300x241.jpg 300w, https:\/\/portesltr.com\/wp-content\/uploads\/2022\/10\/maintext-img-373x300.jpg 373w\" sizes=\"auto, (max-width: 743px) 100vw, 743px\" alt=\"\"><\/picture><\/picture><\/picture>\n\t\t\t\t<\/div>\n<p><!-- \/lc-block -->\n\t\t\t<\/div>\n<p><!-- \/col --><\/p>\n<div class=\"col-lg-7\">\n<div class=\"lc-block\">\n<div editable=\"rich\">\n<h2> Services de r\u00e9paration de portes de garage avec Portes LTR \u00e0 Gatineau, Outaouais <\/h2>\n<p>Votre porte de garage ou autre type de porte ne fonctionne pas ad\u00e9quatement? L\u2019ouvre-porte de votre garage est probl\u00e9matique? Que ce soit une r\u00e9paration mineure ou majeure, ou pour le changement complet de votre porte de garage en Outaouais, chez Portes LTR, nos sp\u00e9cialistes dans le domaine seront vous guider! <\/p>\n<\/p>\n<\/p>\n<p>Chez Portes LTR \u00e0 Gatineau en Outaouais, nous serons en mesure de vous offrir les meilleurs conseils pour vos portes de garage ainsi qu\u2019une estimation compl\u00e8tement gratuite. Nous r\u00e9parons les portes, les portes de garage, et ouvre-portes de garage de tous types que ce soit r\u00e9sidentiel ou commercial.\u202f <\/p>\n<\/p>\n<p>Il est important de savoir que les pi\u00e8ces de porte de garage qui n\u00e9cessite g\u00e9n\u00e9ralement une r\u00e9paration sont :&nbsp;<\/p>\n<\/p>\n<ul>\n<li>Capteur de s\u00e9curit\u00e9 <\/li>\n<li>Supports de rails et plaques de support <\/li>\n<li>Rail vertical et horizontal <\/li>\n<li>Support en fer d&rsquo;angle, supports du haut ou du bas <\/li>\n<li>Coupe-froid <\/li>\n<li>Accessoires et pi\u00e8ces d&rsquo;ouvre-porte de garage, et de rail <\/li>\n<li>Roulettes et poulies<\/li>\n<li>Serrures et poign\u00e9es<\/li>\n<\/ul>\n<p>Voici quelques probl\u00e8mes r\u00e9currents au niveau du fonctionnement des portes de garage :&nbsp;<\/p>\n<\/p>\n<ul>\n<li>Probl\u00e8mes de t\u00e9l\u00e9commande <\/li>\n<li>Engrenage et roue dent\u00e9e de l\u2019ouvre-porte de garage <\/li>\n<li>Arr\u00eat \u00e0 mi-chemin ou ouvre-porte qui ne s&rsquo;ouvre ou ne se ferme plus <\/li>\n<li>Ajustement de cha\u00eene<\/li>\n<li>Ressort ou c\u00e2ble cass\u00e9 ou la porte bloqu\u00e9e ou d\u00e9form\u00e9e<\/li>\n<\/ul>\n<p>Chez Portes LTR, nous sommes disponibles en tout temps et nous offrons le service d\u2019urgence commercial, industriel et institutionnel 24 heures sur 24 et 7 jours sur 7! <\/p>\n<\/p>\n<p><span>Le tout effectu\u00e9 par nos sp\u00e9cialistes exp\u00e9riment\u00e9s dans un d\u00e9lai rapide! Pour le service d\u2019urgence, le service de r\u00e9paration ou pour obtenir une estimation gratuite svp rejoindre un de nos experts au<\/span>&nbsp;(819) 243-3306.<\/p>\n<\/p>\n<\/p><\/div>\n<\/p><\/div>\n<p><!-- \/lc-block --><\/p>\n<div class=\"lc-block\">\n<div lc-helper=\"shortcode\" class=\"live-shortcode\"><a class=\"full-green contact btn\" href=\"https:\/\/portesltr.com\/fr\/contact\/\" aria-label=\"En savoir plus\">En savoir plus<\/a><\/div>\n<\/p><\/div>\n<p><!-- \/lc-block -->\n\t\t\t<\/div>\n<p><!-- \/col -->\n\t\t<\/div>\n<\/p><\/div>\n<\/section>\n","protected":false},"excerpt":{"rendered":"<p>R\u00e9paration de portes de garage en Outaouais : l&rsquo;expertise de Portes LTR Services de r\u00e9paration de portes de garage avec Portes LTR \u00e0 Gatineau, Outaouais Votre porte de garage ou autre type de porte ne fonctionne pas ad\u00e9quatement? L\u2019ouvre-porte de votre garage est probl\u00e9matique? Que ce soit une r\u00e9paration mineure ou majeure, ou pour le [&hellip;]<\/p>\n","protected":false},"author":1,"featured_media":0,"parent":11,"menu_order":0,"comment_status":"closed","ping_status":"closed","template":"","meta":{"_acf_changed":false,"footnotes":""},"class_list":["post-73","page","type-page","status-publish","hentry"],"acf":[],"_links":{"self":[{"href":"https:\/\/portesltr.com\/fr\/wp-json\/wp\/v2\/pages\/73","targetHints":{"allow":["GET"]}}],"collection":[{"href":"https:\/\/portesltr.com\/fr\/wp-json\/wp\/v2\/pages"}],"about":[{"href":"https:\/\/portesltr.com\/fr\/wp-json\/wp\/v2\/types\/page"}],"author":[{"embeddable":true,"href":"https:\/\/portesltr.com\/fr\/wp-json\/wp\/v2\/users\/1"}],"replies":[{"embeddable":true,"href":"https:\/\/portesltr.com\/fr\/wp-json\/wp\/v2\/comments?post=73"}],"version-history":[{"count":10,"href":"https:\/\/portesltr.com\/fr\/wp-json\/wp\/v2\/pages\/73\/revisions"}],"predecessor-version":[{"id":524,"href":"https:\/\/portesltr.com\/fr\/wp-json\/wp\/v2\/pages\/73\/revisions\/524"}],"up":[{"embeddable":true,"href":"https:\/\/portesltr.com\/fr\/wp-json\/wp\/v2\/pages\/11"}],"wp:attachment":[{"href":"https:\/\/portesltr.com\/fr\/wp-json\/wp\/v2\/media?parent=73"}],"curies":[{"name":"wp","href":"https:\/\/api.w.org\/{rel}","templated":true}]}}