{"id":358,"date":"2022-10-31T11:15:55","date_gmt":"2022-10-31T15:15:55","guid":{"rendered":"https:\/\/portesltr.com\/?page_id=358"},"modified":"2025-08-13T10:46:08","modified_gmt":"2025-08-13T14:46:08","slug":"entretien","status":"publish","type":"page","link":"https:\/\/portesltr.com\/fr\/nos-services\/entretien\/","title":{"rendered":"Entretien"},"content":{"rendered":"<section class=\"topmodel-container\">\n<div class=\"container\">\n<div class=\"row\">\n<div class=\"col-lg-12\">\n<div class=\"lc-block\">\n<div editable=\"rich\">\n<h1>Entretien de portes de garage \u00e0 Gatineau et en Outaouais <\/h1>\n<\/p><\/div>\n<\/p><\/div>\n<p><!-- \/lc-block -->\n\t\t\t<\/div>\n<p><!-- \/col -->\n\t\t<\/div>\n<\/p><\/div>\n<\/section>\n<section class=\"maincontent-container\">\n<div class=\"container\">\n<div class=\"row\">\n<div class=\"col-lg-5\">\n<div class=\"lc-block\">\n\t\t\t\t\t<picture><source srcset=\"https:\/\/portesltr.com\/wp-content\/uploads\/2022\/10\/maintext-img.webp\" type=\"image\/webp\"><picture><source srcset=\"https:\/\/portesltr.com\/wp-content\/uploads\/2022\/10\/maintext-img.webp\" type=\"image\/webp\"><picture><source srcset=\"https:\/\/portesltr.com\/wp-content\/uploads\/2022\/10\/maintext-img.webp\" type=\"image\/webp\"><img loading=\"lazy\" decoding=\"async\" class=\"img-fluid wp-image-41\" src=\"https:\/\/portesltr.com\/wp-content\/uploads\/2022\/10\/maintext-img.jpg\" width=\"743\" height=\"597\" srcset=\"https:\/\/portesltr.com\/wp-content\/uploads\/2022\/10\/maintext-img.jpg 743w, https:\/\/portesltr.com\/wp-content\/uploads\/2022\/10\/maintext-img-300x241.jpg 300w, https:\/\/portesltr.com\/wp-content\/uploads\/2022\/10\/maintext-img-373x300.jpg 373w\" sizes=\"auto, (max-width: 743px) 100vw, 743px\" alt=\"\"><\/picture><\/picture><\/picture>\n\t\t\t\t<\/div>\n<p><!-- \/lc-block -->\n\t\t\t<\/div>\n<p><!-- \/col --><\/p>\n<div class=\"col-lg-7\">\n<div class=\"lc-block\">\n<div editable=\"rich\">\n<h2>Des services d&rsquo;entretien de portes de garage professionnels avec Portes LTR&nbsp;<br \/><\/h2>\n<p>Un entretien r\u00e9gulier (et pr\u00e9ventif) de votre porte de garage ainsi que de votre ouvre-porte a beaucoup de b\u00e9n\u00e9fices. En effet, entretenir votre syst\u00e8me automatis\u00e9 pour porte de garage, vous fera sauvez des sous sur le long terme! Eh oui, cela vous permet d\u2019\u00e9conomiser sur les co\u00fbts de r\u00e9parations et d&rsquo;augmenter la long\u00e9vit\u00e9 de votre porte de garage de plusieurs ann\u00e9es! Sans oublier qu\u2019il n\u2019y a pas de prix \u00e0 payer pour une tranquillit\u00e9 d\u2019esprit! <\/p>\n<\/p>\n<p>L\u2019\u00e9quipe de Portes LTR \u00e0 Gatineau et en Outaouais se sp\u00e9cialise dans l\u2019entretien et la r\u00e9paration de tous les types de portes de garage et ouvre-portes. Nous offrons des services d\u2019entretien et de r\u00e9paration de porte de garage sur place, c\u2019est-\u00e0-dire, \u00e0 votre domicile, si cela est possible. De plus, nos techniciens exp\u00e9riment\u00e9s sauront vous recommander, peu importe la marque ou le mod\u00e8le de votre porte de garage. <\/p>\n<\/p>\n<p>Notre service d\u2019entretien de porte de garage en Outaouais comprend :&nbsp;<\/p>\n<ul>\n<li>V\u00e9rification de toute la quincaillerie li\u00e9e \u00e0 la porte<\/li>\n<li>Lubrification de toutes les pi\u00e8ces mobiles (charni\u00e8res, poulies et ressorts)<\/li>\n<li>V\u00e9rification des caoutchouc et coupe-froid, et de l\u2019isolation<\/li>\n<li>Balancement de la porte<\/li>\n<li>V\u00e9rification de la tension et usures des ressorts et c\u00e2bles<\/li>\n<\/ul>\n<p>En faisant affaire avec Portes LTR en Outaouais, vous vous assurez que votre porte de garage soit impeccable, s\u00e9curitaire et fonctionnelle. Nos experts ont le bagage n\u00e9cessaire et le niveau de connaissances n\u00e9cessaire sur la s\u00e9lection de pi\u00e8ces et outils pour r\u00e9parer et entretenir tout type de porte ou ouvre-portes de garage. <\/p>\n<p>Appelez-nous d\u00e8s maintenant pour fixer un rendez-vous d\u2019appel de service!<\/p>\n<\/p><\/div>\n<\/p><\/div>\n<p><!-- \/lc-block --><\/p>\n<div class=\"lc-block\">\n<div lc-helper=\"shortcode\" class=\"live-shortcode\"><a class=\"full-green contact btn\" href=\"https:\/\/portesltr.com\/fr\/contact\/\" aria-label=\"En savoir plus\">En savoir plus<\/a><\/div>\n<\/p><\/div>\n<p><!-- \/lc-block -->\n\t\t\t<\/div>\n<p><!-- \/col -->\n\t\t<\/div>\n<\/p><\/div>\n<\/section>\n","protected":false},"excerpt":{"rendered":"<p>Entretien de portes de garage \u00e0 Gatineau et en Outaouais Des services d&rsquo;entretien de portes de garage professionnels avec Portes LTR&nbsp; Un entretien r\u00e9gulier (et pr\u00e9ventif) de votre porte de garage ainsi que de votre ouvre-porte a beaucoup de b\u00e9n\u00e9fices. En effet, entretenir votre syst\u00e8me automatis\u00e9 pour porte de garage, vous fera sauvez des sous [&hellip;]<\/p>\n","protected":false},"author":1,"featured_media":0,"parent":11,"menu_order":0,"comment_status":"closed","ping_status":"closed","template":"","meta":{"_acf_changed":false,"footnotes":""},"class_list":["post-358","page","type-page","status-publish","hentry"],"acf":[],"_links":{"self":[{"href":"https:\/\/portesltr.com\/fr\/wp-json\/wp\/v2\/pages\/358","targetHints":{"allow":["GET"]}}],"collection":[{"href":"https:\/\/portesltr.com\/fr\/wp-json\/wp\/v2\/pages"}],"about":[{"href":"https:\/\/portesltr.com\/fr\/wp-json\/wp\/v2\/types\/page"}],"author":[{"embeddable":true,"href":"https:\/\/portesltr.com\/fr\/wp-json\/wp\/v2\/users\/1"}],"replies":[{"embeddable":true,"href":"https:\/\/portesltr.com\/fr\/wp-json\/wp\/v2\/comments?post=358"}],"version-history":[{"count":10,"href":"https:\/\/portesltr.com\/fr\/wp-json\/wp\/v2\/pages\/358\/revisions"}],"predecessor-version":[{"id":555,"href":"https:\/\/portesltr.com\/fr\/wp-json\/wp\/v2\/pages\/358\/revisions\/555"}],"up":[{"embeddable":true,"href":"https:\/\/portesltr.com\/fr\/wp-json\/wp\/v2\/pages\/11"}],"wp:attachment":[{"href":"https:\/\/portesltr.com\/fr\/wp-json\/wp\/v2\/media?parent=358"}],"curies":[{"name":"wp","href":"https:\/\/api.w.org\/{rel}","templated":true}]}}