{"id":353,"date":"2022-10-31T11:09:54","date_gmt":"2022-10-31T15:09:54","guid":{"rendered":"https:\/\/portesltr.com\/?page_id=353"},"modified":"2024-12-12T14:11:01","modified_gmt":"2024-12-12T19:11:01","slug":"installation","status":"publish","type":"page","link":"https:\/\/portesltr.com\/fr\/nos-services\/installation\/","title":{"rendered":"Installation"},"content":{"rendered":"<section class=\"topmodel-container\">\n<div class=\"container\">\n<div class=\"row\">\n<div class=\"col-lg-12\">\n<div class=\"lc-block\">\n<div editable=\"rich\">\n<h1>Installation de portes de garage \u00e0 Gatineau et dans la r\u00e9gion de l\u2019Outaouais <\/h1>\n<\/p><\/div>\n<\/p><\/div>\n<p><!-- \/lc-block -->\n\t\t\t<\/div>\n<p><!-- \/col -->\n\t\t<\/div>\n<\/p><\/div>\n<\/section>\n<section class=\"maincontent-container\">\n<div class=\"container\">\n<div class=\"row\">\n<div class=\"col-lg-5\">\n<div class=\"lc-block\">\n\t\t\t\t\t<picture><source srcset=\"https:\/\/portesltr.com\/wp-content\/uploads\/2022\/10\/maintext-img.webp\" type=\"image\/webp\"><picture><source srcset=\"https:\/\/portesltr.com\/wp-content\/uploads\/2022\/10\/maintext-img.webp\" type=\"image\/webp\"><img loading=\"lazy\" decoding=\"async\" class=\"img-fluid wp-image-41\" src=\"https:\/\/portesltr.com\/wp-content\/uploads\/2022\/10\/maintext-img.jpg\" width=\"743\" height=\"597\" srcset=\"https:\/\/portesltr.com\/wp-content\/uploads\/2022\/10\/maintext-img.jpg 743w, https:\/\/portesltr.com\/wp-content\/uploads\/2022\/10\/maintext-img-300x241.jpg 300w, https:\/\/portesltr.com\/wp-content\/uploads\/2022\/10\/maintext-img-373x300.jpg 373w\" sizes=\"auto, (max-width: 743px) 100vw, 743px\" alt=\"\"><\/picture><\/picture>\n\t\t\t\t<\/div>\n<p><!-- \/lc-block -->\n\t\t\t<\/div>\n<p><!-- \/col --><\/p>\n<div class=\"col-lg-7\">\n<div class=\"lc-block\">\n<div editable=\"rich\">\n<h2> Des installations de portes de garage sur mesure avec Portes LTR<\/h2>\n<p>Chez Portes LTR, nous sommes vos sp\u00e9cialistes en installation de portes de garage \u00e0 Gatineau en Outaouais ! On s\u2019occupe de tout avec notre service cl\u00e9 en main ! <\/p>\n<\/p>\n<\/p>\n<p>Chez Les Portes LTR nous allons vous permettre de trouver LA PORTE que vous d\u00e9sir\u00e9e ! Que vous choisissiez un style rustique, contemporain nos sp\u00e9cialistes vous guideront dans le choix des mat\u00e9riaux selon votre b\u00e2timent et augmentera la valeur de votre propri\u00e9t\u00e9. Chez Portes LTR, nous sommes ravis de vous proposer une plage horaire flexible dans un court d\u00e9lai afin de commencer votre projet le plus t\u00f4t possible !&nbsp;<\/p>\n<\/p>\n<p><strong>Comment se d\u00e9roule l\u2019installation de vos portes de garage par nos sp\u00e9cialistes en Outaouais? <\/strong><\/p>\n<p>Une fois le moment id\u00e9al convenu pour l\u2019installation de votre porte de garage, nos techniciens se mettront \u00e0 la t\u00e2che. En effet, chez Portes LTR, notre \u00e9quipe est form\u00e9e des meilleurs dans le domaine avec plusieurs ann\u00e9es d\u2019exp\u00e9rience. <\/p>\n<\/p>\n<\/p>\n<p>L\u2019installation de la porte de garage et la programmation de l\u2019ouvre-porte se font assez rapidement pour une porte standard. <\/p>\n<\/p>\n<p>Il fera plaisir \u00e0 notre \u00e9quipe de vous expliquer le fonctionnement de votre nouvelle porte de garage et vous feront m\u00eame une d\u00e9monstration de l\u2019ouvre-porte. <\/p>\n<\/p>\n<p>Vous pouvez joindre Portes LTR \u00e0 Gatineau, pour toutes vos questions sur nos installations et nos services de portes de garage en Outaouais.<\/p>\n<\/p>\n<\/p><\/div>\n<\/p><\/div>\n<p><!-- \/lc-block --><\/p>\n<div class=\"lc-block\">\n<div lc-helper=\"shortcode\" class=\"live-shortcode\"><a class=\"full-green contact btn\" href=\"https:\/\/portesltr.com\/fr\/contact\/\" aria-label=\"En savoir plus\">En savoir plus<\/a><\/div>\n<\/p><\/div>\n<p><!-- \/lc-block -->\n\t\t\t<\/div>\n<p><!-- \/col -->\n\t\t<\/div>\n<\/p><\/div>\n<\/section>\n","protected":false},"excerpt":{"rendered":"<p>Installation de portes de garage \u00e0 Gatineau et dans la r\u00e9gion de l\u2019Outaouais Des installations de portes de garage sur mesure avec Portes LTR Chez Portes LTR, nous sommes vos sp\u00e9cialistes en installation de portes de garage \u00e0 Gatineau en Outaouais ! On s\u2019occupe de tout avec notre service cl\u00e9 en main ! Chez Les [&hellip;]<\/p>\n","protected":false},"author":1,"featured_media":0,"parent":11,"menu_order":0,"comment_status":"closed","ping_status":"closed","template":"","meta":{"_acf_changed":false,"footnotes":""},"class_list":["post-353","page","type-page","status-publish","hentry"],"acf":[],"_links":{"self":[{"href":"https:\/\/portesltr.com\/fr\/wp-json\/wp\/v2\/pages\/353","targetHints":{"allow":["GET"]}}],"collection":[{"href":"https:\/\/portesltr.com\/fr\/wp-json\/wp\/v2\/pages"}],"about":[{"href":"https:\/\/portesltr.com\/fr\/wp-json\/wp\/v2\/types\/page"}],"author":[{"embeddable":true,"href":"https:\/\/portesltr.com\/fr\/wp-json\/wp\/v2\/users\/1"}],"replies":[{"embeddable":true,"href":"https:\/\/portesltr.com\/fr\/wp-json\/wp\/v2\/comments?post=353"}],"version-history":[{"count":8,"href":"https:\/\/portesltr.com\/fr\/wp-json\/wp\/v2\/pages\/353\/revisions"}],"predecessor-version":[{"id":523,"href":"https:\/\/portesltr.com\/fr\/wp-json\/wp\/v2\/pages\/353\/revisions\/523"}],"up":[{"embeddable":true,"href":"https:\/\/portesltr.com\/fr\/wp-json\/wp\/v2\/pages\/11"}],"wp:attachment":[{"href":"https:\/\/portesltr.com\/fr\/wp-json\/wp\/v2\/media?parent=353"}],"curies":[{"name":"wp","href":"https:\/\/api.w.org\/{rel}","templated":true}]}}