{"id":2,"date":"2022-09-28T15:42:40","date_gmt":"2022-09-28T19:42:40","guid":{"rendered":"https:\/\/portesltr.com\/?page_id=2"},"modified":"2024-12-16T14:35:03","modified_gmt":"2024-12-16T19:35:03","slug":"sample-page","status":"publish","type":"page","link":"https:\/\/portesltr.com\/fr\/","title":{"rendered":"Accueil"},"content":{"rendered":"<section class=\"topslider-container\">\n<div class=\"container-fluid\">\n<div class=\"row\">\n<div class=\"col-lg-12\">\n<div class=\"lc-block\">\n<div lc-helper=\"shortcode\" class=\"live-shortcode slider-container\"><div id=\"metaslider-id-30\" style=\"width: 100%;\" class=\"ml-slider-3-107-0 metaslider metaslider-flex metaslider-30 ml-slider has-dots-nav ms-theme-default\" role=\"region\" aria-label=\"Top slider\" data-height=\"792\" data-width=\"1920\">\n    <div id=\"metaslider_container_30\">\n        <div id=\"metaslider_30\">\n            <ul class='slides'>\n                <li style=\"display: block; width: 100%;\" class=\"slide-334 ms-image \" aria-roledescription=\"slide\" data-date=\"2022-10-27 15:07:49\" data-filename=\"top-slide1-1917x791.jpg\" data-slide-type=\"image\"><img loading=\"lazy\" decoding=\"async\" src=\"https:\/\/portesltr.com\/wp-content\/uploads\/2022\/10\/top-slide1-1917x791.jpg\" height=\"792\" width=\"1920\" alt=\"\" class=\"slider-30 slide-334 msDefaultImage\" title=\"top-slide1\" \/><\/li>\n                <li style=\"display: none; width: 100%;\" class=\"slide-335 ms-image \" aria-roledescription=\"slide\" data-date=\"2022-10-27 15:07:49\" data-filename=\"top-slide2.jpg\" data-slide-type=\"image\"><img loading=\"lazy\" decoding=\"async\" src=\"https:\/\/portesltr.com\/wp-content\/uploads\/2022\/10\/top-slide2.jpg\" height=\"792\" width=\"1920\" alt=\"\" class=\"slider-30 slide-335 msDefaultImage\" title=\"top-slide2\" \/><\/li>\n            <\/ul>\n        <\/div>\n        \n    <\/div>\n<\/div><\/div>\n<\/p><\/div>\n<p><!-- \/lc-block --><\/p>\n<div class=\"lc-block\">\n<div editable=\"rich\">\n<h1><em>Depuis plus de 25 ans,<\/em> Nous sommes la r\u00e9f\u00e9rence <br \/>en portes de garage en Outaouais<\/h1>\n<\/p><\/div>\n<\/p><\/div>\n<p><!-- \/lc-block --><\/p>\n<div class=\"lc-block\">\n<div lc-helper=\"shortcode\" class=\"live-shortcode\"><a class=\"contact btn blue\" href=\"https:\/\/portesltr.com\/fr\/demande-de-soumission\/\" aria-label=\"Demandez une soumission\">Demandez une soumission<\/a><\/div>\n<\/p><\/div>\n<p><!-- \/lc-block -->\n\t\t\t<\/div>\n<p><!-- \/col -->\n\t\t<\/div>\n<\/p><\/div>\n<\/section>\n<section class=\"maincontent-container\">\n<div class=\"container-fluid\">\n<div class=\"row\">\n<div class=\"col-lg-5\" data-aos=\"slide-right\" data-aos-once=\"true\">\n<div class=\"lc-block\">\n\t\t\t\t\t<picture><source srcset=\"https:\/\/portesltr.com\/wp-content\/uploads\/2022\/10\/maintext-img.webp\" type=\"image\/webp\"><img loading=\"lazy\" decoding=\"async\" class=\"img-fluid wp-image-40\" src=\"https:\/\/portesltr.com\/wp-content\/uploads\/2022\/10\/maintext-img.jpg\" width=\"743\" height=\"597\" srcset=\"https:\/\/portesltr.com\/wp-content\/uploads\/2022\/10\/maintext-img.jpg 743w, https:\/\/portesltr.com\/wp-content\/uploads\/2022\/10\/maintext-img-300x241.jpg 300w, https:\/\/portesltr.com\/wp-content\/uploads\/2022\/10\/maintext-img-373x300.jpg 373w\" sizes=\"auto, (max-width: 743px) 100vw, 743px\" alt=\"\"><\/picture>\n\t\t\t\t<\/div>\n<p><!-- \/lc-block -->\n\t\t\t<\/div>\n<p><!-- \/col --><\/p>\n<div class=\"col-lg-7\" data-aos=\"slide-left\" data-aos-once=\"true\">\n<div class=\"lc-block\">\n<div editable=\"rich\">\n<h2>Depuis les ann\u00e9es 2000, nous sommes la r\u00e9f\u00e9rence en vente, r\u00e9paration et installation de portes de garage dans la r\u00e9gion de Gatineau! <\/h2>\n<p>\t\t\t\t\t\tChez Portes LTR, nous vous offrons un service hors pair pour tous vos besoins en portes de garage \u00e0 Gatineau et en Outaouais. Que ce soit aux particuliers, aux entreprises, aux institutions gouvernementales ou encore pour les industries, chez Portes LTR, nous sommes l\u00e0 pour vous aider \u00e0 r\u00e9aliser vos projets. <\/p>\n<\/p>\n<p>Nos services sont cl\u00e9 en main et garanti. Notre \u00e9quipe, chez Portes LTR, choisie rigoureusement les marques renomm\u00e9es dans l\u2019industrie, en plus de vous offrir le plus large choix de portes de garage au Qu\u00e9bec! Nous vous offrons des services d\u2019installation, de r\u00e9paration ainsi que d\u2019entretien pour tous types de portes!\u202f<\/p>\n<p><strong>Des questions? Communiquez avec un de nos repr\u00e9sentants chez Portes LTR en Outaouais!<\/strong><\/p>\n<\/p><\/div>\n<\/p><\/div>\n<p><!-- \/lc-block --><\/p>\n<div class=\"lc-block\">\n<div lc-helper=\"shortcode\" class=\"live-shortcode\"><a class=\"full-blue contact btn\" href=\"https:\/\/portesltr.com\/fr\/contact\/\" aria-label=\"Contactez-nous\">Contactez-nous<\/a><\/div>\n<\/p><\/div>\n<p><!-- \/lc-block -->\n\t\t\t<\/div>\n<p><!-- \/col -->\n\t\t<\/div>\n<\/p><\/div>\n<\/section>\n<section class=\"mainservices-container\" data-aos=\"slide-up\" data-aos-once=\"true\">\n<div class=\"container-fluid\">\n<div class=\"row\">\n<div class=\"col-lg-12\">\n<div class=\"lc-block\">\n<div editable=\"rich\">\n<h2>Nos services pour vos portes de garage <\/h2>\n<\/p><\/div>\n<\/p><\/div>\n<p><!-- \/lc-block -->\n\t\t\t<\/div>\n<p><!-- \/col --><\/p>\n<div class=\"col-lg-3\">\n\t\t\t\t<a href=\"https:\/\/portesltr.com\/fr\/nos-services\/vente\/\" class=\"single-service h-100\"><\/p>\n<div class=\"lc-block\">\n\t\t\t\t\t\t<picture><source srcset=\"https:\/\/portesltr.com\/wp-content\/uploads\/2022\/10\/mainservice-1.webp\" type=\"image\/webp\"><img loading=\"lazy\" decoding=\"async\" class=\"img-fluid wp-image-48\" src=\"https:\/\/portesltr.com\/wp-content\/uploads\/2022\/10\/mainservice-1.jpg\" width=\"409\" height=\"246\" srcset=\"https:\/\/portesltr.com\/wp-content\/uploads\/2022\/10\/mainservice-1.jpg 409w, https:\/\/portesltr.com\/wp-content\/uploads\/2022\/10\/mainservice-1-300x180.jpg 300w\" sizes=\"auto, (max-width: 409px) 100vw, 409px\" alt=\"\"><\/picture>\n\t\t\t\t\t<\/div>\n<p><!-- \/lc-block --><\/p>\n<div class=\"lc-block single-service-content\">\n<div editable=\"rich\">\n<h3>Vente <\/h3>\n<p>Vous \u00eates \u00e0 la recherche d\u2019une porte sp\u00e9cifique pour votre commerce ou votre propri\u00e9t\u00e9?<\/p>\n<\/p><\/div>\n<\/p><\/div>\n<p><!-- \/lc-block --><br \/>\n\t\t\t\t<\/a>\n\t\t\t<\/div>\n<p><!-- \/col --><\/p>\n<div class=\"col-lg-3\">\n\t\t\t\t<a href=\"https:\/\/portesltr.com\/fr\/nos-services\/installation\/\" class=\"single-service h-100\"><\/p>\n<div class=\"lc-block\">\n\t\t\t\t\t\t<picture><source srcset=\"https:\/\/portesltr.com\/wp-content\/uploads\/2022\/10\/mainservice-2.webp\" type=\"image\/webp\"><img loading=\"lazy\" decoding=\"async\" class=\"img-fluid wp-image-50\" src=\"https:\/\/portesltr.com\/wp-content\/uploads\/2022\/10\/mainservice-2.jpg\" width=\"409\" height=\"246\" srcset=\"https:\/\/portesltr.com\/wp-content\/uploads\/2022\/10\/mainservice-2.jpg 409w, https:\/\/portesltr.com\/wp-content\/uploads\/2022\/10\/mainservice-2-300x180.jpg 300w\" sizes=\"auto, (max-width: 409px) 100vw, 409px\" alt=\"\"><\/picture>\n\t\t\t\t\t<\/div>\n<p><!-- \/lc-block --><\/p>\n<div class=\"lc-block single-service-content\">\n<div editable=\"rich\">\n<h3>Installation<\/h3>\n<p>Nous offrons des services d\u2019entretien effectu\u00e9 en plusieurs mises au point.&nbsp;<\/p>\n<\/p><\/div>\n<\/p><\/div>\n<p><!-- \/lc-block --><br \/>\n\t\t\t\t<\/a>\n\t\t\t<\/div>\n<p><!-- \/col --><\/p>\n<div class=\"col-lg-3\">\n\t\t\t\t<a href=\"https:\/\/portesltr.com\/fr\/nos-services\/entretien\/\" class=\"single-service h-100\"><\/p>\n<div class=\"lc-block\">\n\t\t\t\t\t\t<picture><source srcset=\"https:\/\/portesltr.com\/wp-content\/uploads\/2022\/10\/mainservice-3.webp\" type=\"image\/webp\"><img loading=\"lazy\" decoding=\"async\" class=\"img-fluid wp-image-52\" src=\"https:\/\/portesltr.com\/wp-content\/uploads\/2022\/10\/mainservice-3.jpg\" width=\"409\" height=\"246\" srcset=\"https:\/\/portesltr.com\/wp-content\/uploads\/2022\/10\/mainservice-3.jpg 409w, https:\/\/portesltr.com\/wp-content\/uploads\/2022\/10\/mainservice-3-300x180.jpg 300w\" sizes=\"auto, (max-width: 409px) 100vw, 409px\" alt=\"\"><\/picture>\n\t\t\t\t\t<\/div>\n<p><!-- \/lc-block --><\/p>\n<div class=\"lc-block single-service-content\">\n<div editable=\"rich\">\n<h3>Entretien<\/h3>\n<p>L\u2019\u00e9quipe Les portes LTR se sp\u00e9cialise dans l\u2019entretien et la r\u00e9paration de tous les types de portes de garage et ouvre-portes. <\/p>\n<\/p><\/div>\n<\/p><\/div>\n<p><!-- \/lc-block --><br \/>\n\t\t\t\t<\/a>\n\t\t\t<\/div>\n<p><!-- \/col --><\/p>\n<div class=\"col-lg-3\">\n\t\t\t\t<a href=\"https:\/\/portesltr.com\/fr\/nos-services\/reparation\/\" class=\"single-service h-100\"><\/p>\n<div class=\"lc-block\">\n\t\t\t\t\t\t<picture><source srcset=\"https:\/\/portesltr.com\/wp-content\/uploads\/2022\/10\/mainservice-4.webp\" type=\"image\/webp\"><img loading=\"lazy\" decoding=\"async\" class=\"img-fluid wp-image-54\" src=\"https:\/\/portesltr.com\/wp-content\/uploads\/2022\/10\/mainservice-4.jpg\" width=\"409\" height=\"246\" srcset=\"https:\/\/portesltr.com\/wp-content\/uploads\/2022\/10\/mainservice-4.jpg 409w, https:\/\/portesltr.com\/wp-content\/uploads\/2022\/10\/mainservice-4-300x180.jpg 300w\" sizes=\"auto, (max-width: 409px) 100vw, 409px\" alt=\"\"><\/picture>\n\t\t\t\t\t<\/div>\n<p><!-- \/lc-block --><\/p>\n<div class=\"lc-block single-service-content\">\n<div editable=\"rich\">\n<h3>R\u00e9paration<\/h3>\n<p>Votre porte de garage ou votre ouvre porte ne fonctionne pas ad\u00e9quatement?&nbsp;<\/p>\n<\/p><\/div>\n<\/p><\/div>\n<p><!-- \/lc-block --><br \/>\n\t\t\t\t<\/a>\n\t\t\t<\/div>\n<p><!-- \/col -->\n\t\t<\/div>\n<\/p><\/div>\n<\/section>\n<section class=\"mainmodele-container\" data-aos=\"slide-up\" data-aos-once=\"true\">\n<div class=\"container-fluid\">\n<div class=\"row justify-content-center\">\n<div class=\"col-lg-12\">\n<div class=\"lc-block\">\n<div editable=\"rich\">\n<h2>Consultez nos mod\u00e8les de portes de garage<br \/><\/h2>\n<\/p><\/div>\n<\/p><\/div>\n<p><!-- \/lc-block -->\n\t\t\t<\/div>\n<p><!-- \/col --><\/p>\n<div class=\"col-lg-6\">\n\t\t\t\t<a href=\"https:\/\/portesltr.com\/fr\/nos-modeles\/residentiel\/\" class=\"single-model\"><\/p>\n<div class=\"lc-block\">\n\t\t\t\t\t\t<picture><source srcset=\"https:\/\/portesltr.com\/wp-content\/uploads\/2022\/10\/modele1-1.webp\" type=\"image\/webp\"><img loading=\"lazy\" decoding=\"async\" class=\"img-fluid wp-image-375\" src=\"https:\/\/portesltr.com\/wp-content\/uploads\/2022\/10\/modele1-1.jpg\" width=\"926\" height=\"310\" srcset=\"https:\/\/portesltr.com\/wp-content\/uploads\/2022\/10\/modele1-1.jpg 926w, https:\/\/portesltr.com\/wp-content\/uploads\/2022\/10\/modele1-1-300x100.jpg 300w, https:\/\/portesltr.com\/wp-content\/uploads\/2022\/10\/modele1-1-768x257.jpg 768w, https:\/\/portesltr.com\/wp-content\/uploads\/2022\/10\/modele1-1-534x179.jpg 534w\" sizes=\"auto, (max-width: 926px) 100vw, 926px\" alt=\"\"><\/picture>\n\t\t\t\t\t<\/div>\n<p><!-- \/lc-block --><\/p>\n<div class=\"lc-block\">\n<div editable=\"rich\">\n<h3>R\u00e9sidentiel<\/h3>\n<\/p><\/div>\n<\/p><\/div>\n<p><!-- \/lc-block --><br \/>\n\t\t\t\t<\/a>\n\t\t\t<\/div>\n<p><!-- \/col --><\/p>\n<div class=\"col-lg-6\">\n\t\t\t\t<a href=\"https:\/\/portesltr.com\/fr\/nos-modeles\/commercial\/\" class=\"single-model\"><\/p>\n<div class=\"lc-block\">\n\t\t\t\t\t\t<picture><source srcset=\"https:\/\/portesltr.com\/wp-content\/uploads\/2022\/10\/modele2-1.webp\" type=\"image\/webp\"><img loading=\"lazy\" decoding=\"async\" class=\"img-fluid wp-image-377\" src=\"https:\/\/portesltr.com\/wp-content\/uploads\/2022\/10\/modele2-1.jpg\" width=\"926\" height=\"310\" srcset=\"https:\/\/portesltr.com\/wp-content\/uploads\/2022\/10\/modele2-1.jpg 926w, https:\/\/portesltr.com\/wp-content\/uploads\/2022\/10\/modele2-1-300x100.jpg 300w, https:\/\/portesltr.com\/wp-content\/uploads\/2022\/10\/modele2-1-768x257.jpg 768w, https:\/\/portesltr.com\/wp-content\/uploads\/2022\/10\/modele2-1-534x179.jpg 534w\" sizes=\"auto, (max-width: 926px) 100vw, 926px\" alt=\"\"><\/picture>\n\t\t\t\t\t<\/div>\n<p><!-- \/lc-block --><\/p>\n<div class=\"lc-block\">\n<div editable=\"rich\">\n<h3>Commercial<\/h3>\n<\/p><\/div>\n<\/p><\/div>\n<p><!-- \/lc-block --><br \/>\n\t\t\t\t<\/a>\n\t\t\t<\/div>\n<p><!-- \/col -->\n\t\t<\/div>\n<\/p><\/div>\n<\/section>\n","protected":false},"excerpt":{"rendered":"<p>Depuis plus de 25 ans, Nous sommes la r\u00e9f\u00e9rence en portes de garage en Outaouais Depuis les ann\u00e9es 2000, nous sommes la r\u00e9f\u00e9rence en vente, r\u00e9paration et installation de portes de garage dans la r\u00e9gion de Gatineau! Chez Portes LTR, nous vous offrons un service hors pair pour tous vos besoins en portes de garage [&hellip;]<\/p>\n","protected":false},"author":1,"featured_media":0,"parent":0,"menu_order":0,"comment_status":"closed","ping_status":"open","template":"","meta":{"_acf_changed":false,"footnotes":""},"class_list":["post-2","page","type-page","status-publish","hentry"],"acf":[],"_links":{"self":[{"href":"https:\/\/portesltr.com\/fr\/wp-json\/wp\/v2\/pages\/2","targetHints":{"allow":["GET"]}}],"collection":[{"href":"https:\/\/portesltr.com\/fr\/wp-json\/wp\/v2\/pages"}],"about":[{"href":"https:\/\/portesltr.com\/fr\/wp-json\/wp\/v2\/types\/page"}],"author":[{"embeddable":true,"href":"https:\/\/portesltr.com\/fr\/wp-json\/wp\/v2\/users\/1"}],"replies":[{"embeddable":true,"href":"https:\/\/portesltr.com\/fr\/wp-json\/wp\/v2\/comments?post=2"}],"version-history":[{"count":36,"href":"https:\/\/portesltr.com\/fr\/wp-json\/wp\/v2\/pages\/2\/revisions"}],"predecessor-version":[{"id":548,"href":"https:\/\/portesltr.com\/fr\/wp-json\/wp\/v2\/pages\/2\/revisions\/548"}],"wp:attachment":[{"href":"https:\/\/portesltr.com\/fr\/wp-json\/wp\/v2\/media?parent=2"}],"curies":[{"name":"wp","href":"https:\/\/api.w.org\/{rel}","templated":true}]}}